{"id":8526,"date":"2023-09-08T23:34:47","date_gmt":"2023-09-08T21:34:47","guid":{"rendered":"https:\/\/tierheim-nied.de\/?page_id=8526"},"modified":"2023-09-08T23:57:44","modified_gmt":"2023-09-08T21:57:44","slug":"jetzt-katzen-helfen","status":"publish","type":"page","link":"https:\/\/tierheim-nied.de\/index.php\/jetzt-katzen-helfen\/","title":{"rendered":"Jetzt Katzen helfen"},"content":{"rendered":"\n<div class=\"wp-block-media-text is-stacked-on-mobile\" style=\"grid-template-columns:30% auto\"><figure class=\"wp-block-media-text__media\"><a href=\"https:\/\/tierheim-nied.de\/wp-content\/uploads\/2023\/09\/jetzt_katzen_helfen.jpg\" rel=\"lightbox-0\"><img loading=\"lazy\" decoding=\"async\" width=\"727\" height=\"1024\" src=\"https:\/\/tierheim-nied.de\/wp-content\/uploads\/2023\/09\/jetzt_katzen_helfen-727x1024.jpg\" alt=\"\" class=\"wp-image-8523 size-full\" srcset=\"https:\/\/tierheim-nied.de\/wp-content\/uploads\/2023\/09\/jetzt_katzen_helfen-727x1024.jpg 727w, https:\/\/tierheim-nied.de\/wp-content\/uploads\/2023\/09\/jetzt_katzen_helfen-249x350.jpg 249w, https:\/\/tierheim-nied.de\/wp-content\/uploads\/2023\/09\/jetzt_katzen_helfen-768x1082.jpg 768w, https:\/\/tierheim-nied.de\/wp-content\/uploads\/2023\/09\/jetzt_katzen_helfen-1091x1536.jpg 1091w, https:\/\/tierheim-nied.de\/wp-content\/uploads\/2023\/09\/jetzt_katzen_helfen.jpg 1185w\" sizes=\"auto, (max-width: 727px) 100vw, 727px\" \/><\/a><\/figure><div class=\"wp-block-media-text__content\">\n<p>Dieser neue Report des Deutschen Tierschutzbundes belegt, dass sich das Leid der Stra\u00dfenkatzen in den letzten Jahren zu einem der gr\u00f6\u00dften unbemerkten Tierschutzprobleme in Deutschland entwickelt hat: Ein bundesweiter Missstand, der immer gr\u00f6\u00dfere Dimensionen annimmt.<br><strong><a rel=\"noreferrer noopener\" href=\"https:\/\/www.jetzt-katzen-helfen.de\/\" target=\"_blank\">https:\/\/www.jetzt-katzen-helfen.de\/<\/a><\/strong><\/p>\n\n\n\n<p><br>Besonders empfehlenswert der Katzenschutzreport des Deutschen Tierschutzbund e.V. als PDF zum download : <strong><a href=\"https:\/\/www.jetzt-katzen-helfen.de\/fileadmin\/Seiten\/Kampagne_Katzenschutz\/Downloads\/Der_grosse_Katzenschutzreport.pdf\">Download Katzenschutzreport<\/a><\/strong><\/p>\n\n\n\n<p class=\"has-small-font-size\"><em>Alle Inhalte des folgenden Internetangebotes und dem Text oben, insbesondere Texte, Fotografien und Grafiken, sind urheberrechtlich gesch\u00fctzt (Copyright). Das Urheberrecht liegt, soweit nicht ausdr\u00fccklich anders gekennzeichnet, beim Deutschen Tierschutzbund e.V.<\/em><\/p>\n\n\n\n<p><br><br><\/p>\n<\/div><\/div>\n","protected":false},"excerpt":{"rendered":"<p>Dieser neue Report des Deutschen Tierschutzbundes belegt, dass sich das Leid der Stra\u00dfenkatzen in den letzten Jahren zu einem der gr\u00f6\u00dften unbemerkten Tierschutzprobleme in Deutschland&hellip;<\/p>\n","protected":false},"author":4,"featured_media":0,"parent":0,"menu_order":0,"comment_status":"closed","ping_status":"closed","template":"","meta":{"cybocfi_hide_featured_image":"","footnotes":""},"class_list":["post-8526","page","type-page","status-publish","hentry"],"_links":{"self":[{"href":"https:\/\/tierheim-nied.de\/index.php\/wp-json\/wp\/v2\/pages\/8526","targetHints":{"allow":["GET"]}}],"collection":[{"href":"https:\/\/tierheim-nied.de\/index.php\/wp-json\/wp\/v2\/pages"}],"about":[{"href":"https:\/\/tierheim-nied.de\/index.php\/wp-json\/wp\/v2\/types\/page"}],"author":[{"embeddable":true,"href":"https:\/\/tierheim-nied.de\/index.php\/wp-json\/wp\/v2\/users\/4"}],"replies":[{"embeddable":true,"href":"https:\/\/tierheim-nied.de\/index.php\/wp-json\/wp\/v2\/comments?post=8526"}],"version-history":[{"count":4,"href":"https:\/\/tierheim-nied.de\/index.php\/wp-json\/wp\/v2\/pages\/8526\/revisions"}],"predecessor-version":[{"id":8553,"href":"https:\/\/tierheim-nied.de\/index.php\/wp-json\/wp\/v2\/pages\/8526\/revisions\/8553"}],"wp:attachment":[{"href":"https:\/\/tierheim-nied.de\/index.php\/wp-json\/wp\/v2\/media?parent=8526"}],"curies":[{"name":"wp","href":"https:\/\/api.w.org\/{rel}","templated":true}]}}