{"id":2073,"date":"2021-06-18T15:25:29","date_gmt":"2021-06-18T13:25:29","guid":{"rendered":"https:\/\/tierheim-nied.de\/tierheimneu\/?page_id=2073"},"modified":"2022-06-21T20:58:28","modified_gmt":"2022-06-21T18:58:28","slug":"rundgang","status":"publish","type":"page","link":"https:\/\/tierheim-nied.de\/index.php\/test\/das-tierheim\/rundgang\/","title":{"rendered":"Rundgang"},"content":{"rendered":"\n<p id=\"zur\u00fcck\">Ein kurzer Rundgang durch unser Tierheim und gesondert :<br><strong><span style=\"text-decoration: underline;\"><a href=\"https:\/\/tierheim-nied.de\/index.php\/test\/das-tierheim\/das-altersheim\/\" data-type=\"page\" data-id=\"1950\">Das Altersheim<\/a><\/span><\/strong><br><br>Den Rundgang der alten Homepage finden Sie hier :<br><strong><span style=\"text-decoration: underline;\"><a href=\"https:\/\/tierheim-nied.de\/index.php\/test\/das-tierheim\/rundgang\/rundgang-alte-homepage\/\" data-type=\"page\" data-id=\"2065\">Rundgang alte Homepage<\/a><\/span><\/strong><br><\/p>\n\n\n\n<div class=\"wp-block-media-text alignwide is-stacked-on-mobile\" style=\"grid-template-columns:29% auto\"><figure class=\"wp-block-media-text__media\"><a href=\"https:\/\/tierheim-nied.de\/wp-content\/uploads\/2021\/06\/Schild_Eingang_Original-scaled.jpg\" rel=\"lightbox-0\"><img loading=\"lazy\" decoding=\"async\" width=\"1024\" height=\"768\" src=\"https:\/\/tierheim-nied.de\/wp-content\/uploads\/2021\/06\/Schild_Eingang_Original-1024x768.jpg\" alt=\"\" class=\"wp-image-2093 size-full\" srcset=\"https:\/\/tierheim-nied.de\/wp-content\/uploads\/2021\/06\/Schild_Eingang_Original-1024x768.jpg 1024w, https:\/\/tierheim-nied.de\/wp-content\/uploads\/2021\/06\/Schild_Eingang_Original-350x263.jpg 350w, https:\/\/tierheim-nied.de\/wp-content\/uploads\/2021\/06\/Schild_Eingang_Original-768x576.jpg 768w, https:\/\/tierheim-nied.de\/wp-content\/uploads\/2021\/06\/Schild_Eingang_Original-1536x1152.jpg 1536w, https:\/\/tierheim-nied.de\/wp-content\/uploads\/2021\/06\/Schild_Eingang_Original-2048x1536.jpg 2048w\" sizes=\"auto, (max-width: 1024px) 100vw, 1024px\" \/><\/a><\/figure><div class=\"wp-block-media-text__content\">\n<p>Gleich links hinter dem Tor unser Vereins-Schild.<br>Man beachte allerdings die ge\u00e4nderten \u00d6ffnungszeiten rechts.<\/p>\n<\/div><\/div>\n\n\n\n<div class=\"wp-block-columns is-layout-flex wp-container-core-columns-is-layout-9d6595d7 wp-block-columns-is-layout-flex\">\n<div class=\"wp-block-column is-layout-flow wp-block-column-is-layout-flow\">\n<p><br><\/p>\n<\/div>\n<\/div>\n\n\n\n<div class=\"wp-block-media-text alignwide has-media-on-the-right is-stacked-on-mobile\" style=\"grid-template-columns:auto 27%\"><figure class=\"wp-block-media-text__media\"><a href=\"https:\/\/tierheim-nied.de\/wp-content\/uploads\/2021\/06\/Villa_Berta_1_Original-scaled.jpg\" rel=\"lightbox-1\"><img loading=\"lazy\" decoding=\"async\" width=\"1024\" height=\"768\" src=\"https:\/\/tierheim-nied.de\/wp-content\/uploads\/2021\/06\/Villa_Berta_1_Original-1024x768.jpg\" alt=\"\" class=\"wp-image-2096 size-full\" srcset=\"https:\/\/tierheim-nied.de\/wp-content\/uploads\/2021\/06\/Villa_Berta_1_Original-1024x768.jpg 1024w, https:\/\/tierheim-nied.de\/wp-content\/uploads\/2021\/06\/Villa_Berta_1_Original-350x263.jpg 350w, https:\/\/tierheim-nied.de\/wp-content\/uploads\/2021\/06\/Villa_Berta_1_Original-768x576.jpg 768w, https:\/\/tierheim-nied.de\/wp-content\/uploads\/2021\/06\/Villa_Berta_1_Original-1536x1152.jpg 1536w, https:\/\/tierheim-nied.de\/wp-content\/uploads\/2021\/06\/Villa_Berta_1_Original-2048x1536.jpg 2048w\" sizes=\"auto, (max-width: 1024px) 100vw, 1024px\" \/><\/a><\/figure><div class=\"wp-block-media-text__content\">\n<p>Rechts, un\u00fcbersehbar unsere Villa Berta. Benannt nach einer Katze, die dort Unterschlupf gefunden hatte.<br>Hier befindet sich die Quarant\u00e4re. Schlie\u00dflich sollen Neuank\u00f6mmlinge keine Krankheiten einschleppen und andere Katzen anstecken.<\/p>\n<\/div><\/div>\n\n\n\n<div class=\"wp-block-columns is-layout-flex wp-container-core-columns-is-layout-9d6595d7 wp-block-columns-is-layout-flex\">\n<div class=\"wp-block-column is-layout-flow wp-block-column-is-layout-flow\">\n<p><br><\/p>\n<\/div>\n<\/div>\n\n\n\n<div class=\"wp-block-media-text alignwide has-media-on-the-right is-stacked-on-mobile\" style=\"grid-template-columns:auto 27%\"><figure class=\"wp-block-media-text__media\"><a href=\"https:\/\/tierheim-nied.de\/wp-content\/uploads\/2021\/06\/Villa_Berta_2_Original-scaled.jpg\" rel=\"lightbox-2\"><img loading=\"lazy\" decoding=\"async\" width=\"1024\" height=\"768\" src=\"https:\/\/tierheim-nied.de\/wp-content\/uploads\/2021\/06\/Villa_Berta_2_Original-1024x768.jpg\" alt=\"\" class=\"wp-image-2100 size-full\" srcset=\"https:\/\/tierheim-nied.de\/wp-content\/uploads\/2021\/06\/Villa_Berta_2_Original-1024x768.jpg 1024w, https:\/\/tierheim-nied.de\/wp-content\/uploads\/2021\/06\/Villa_Berta_2_Original-350x263.jpg 350w, https:\/\/tierheim-nied.de\/wp-content\/uploads\/2021\/06\/Villa_Berta_2_Original-768x576.jpg 768w, https:\/\/tierheim-nied.de\/wp-content\/uploads\/2021\/06\/Villa_Berta_2_Original-1536x1152.jpg 1536w, https:\/\/tierheim-nied.de\/wp-content\/uploads\/2021\/06\/Villa_Berta_2_Original-2048x1536.jpg 2048w\" sizes=\"auto, (max-width: 1024px) 100vw, 1024px\" \/><\/a><\/figure><div class=\"wp-block-media-text__content\">\n<p>Bei sch\u00f6nem Wetter aalen sich die &#8222;Insassen&#8220; schon mal gerne am offenen Fenster oder sind am schimpfen :).<br>Ja, so eine Quarant\u00e4ne ist schon ein wenig langweilig und zum Schmusen und Spielen ist leider nicht immer ausreichend Zeit da.<br>Man beachte aber, dass es die Villa Berta nur durch eine Spende einer einzigen Person gibt.<\/p>\n<\/div><\/div>\n\n\n\n<div class=\"wp-block-columns is-layout-flex wp-container-core-columns-is-layout-9d6595d7 wp-block-columns-is-layout-flex\">\n<div class=\"wp-block-column is-layout-flow wp-block-column-is-layout-flow\">\n<p><br><\/p>\n<\/div>\n<\/div>\n\n\n\n<div class=\"wp-block-media-text alignwide is-stacked-on-mobile\" style=\"grid-template-columns:30% auto\"><figure class=\"wp-block-media-text__media\"><a href=\"https:\/\/tierheim-nied.de\/wp-content\/uploads\/2021\/06\/Uschis_Original-scaled.jpg\" rel=\"lightbox-3\"><img loading=\"lazy\" decoding=\"async\" width=\"1024\" height=\"768\" src=\"https:\/\/tierheim-nied.de\/wp-content\/uploads\/2021\/06\/Uschis_Original-1024x768.jpg\" alt=\"\" class=\"wp-image-2109 size-full\" srcset=\"https:\/\/tierheim-nied.de\/wp-content\/uploads\/2021\/06\/Uschis_Original-1024x768.jpg 1024w, https:\/\/tierheim-nied.de\/wp-content\/uploads\/2021\/06\/Uschis_Original-350x263.jpg 350w, https:\/\/tierheim-nied.de\/wp-content\/uploads\/2021\/06\/Uschis_Original-768x576.jpg 768w, https:\/\/tierheim-nied.de\/wp-content\/uploads\/2021\/06\/Uschis_Original-1536x1152.jpg 1536w, https:\/\/tierheim-nied.de\/wp-content\/uploads\/2021\/06\/Uschis_Original-2048x1536.jpg 2048w\" sizes=\"auto, (max-width: 1024px) 100vw, 1024px\" \/><\/a><\/figure><div class=\"wp-block-media-text__content\">\n<p>Weniger Schritte weiter befindet sich das Gehege &#8222;Uschis&#8220; und rechts kann man den Bauwagen sehen.<br>Hier werden absoluter Einzelg\u00e4nger untergebracht, die sich mit den Katzen in den anderen Gehegen so gar nicht verstehen.<br>Alles Marke Eigenbau.<br>Etwas in die Jahre gekommen, erf\u00fcllt aber seinen Zweck.<\/p>\n<\/div><\/div>\n\n\n\n<p><\/p>\n\n\n\n<div class=\"wp-block-media-text alignwide is-stacked-on-mobile\" style=\"grid-template-columns:30% auto\"><figure class=\"wp-block-media-text__media\"><a href=\"https:\/\/tierheim-nied.de\/wp-content\/uploads\/2021\/06\/Bauwagen_Original-scaled.jpg\" rel=\"lightbox-4\"><img loading=\"lazy\" decoding=\"async\" width=\"1024\" height=\"768\" src=\"https:\/\/tierheim-nied.de\/wp-content\/uploads\/2021\/06\/Bauwagen_Original-1024x768.jpg\" alt=\"\" class=\"wp-image-2112 size-full\" srcset=\"https:\/\/tierheim-nied.de\/wp-content\/uploads\/2021\/06\/Bauwagen_Original-1024x768.jpg 1024w, https:\/\/tierheim-nied.de\/wp-content\/uploads\/2021\/06\/Bauwagen_Original-350x263.jpg 350w, https:\/\/tierheim-nied.de\/wp-content\/uploads\/2021\/06\/Bauwagen_Original-768x576.jpg 768w, https:\/\/tierheim-nied.de\/wp-content\/uploads\/2021\/06\/Bauwagen_Original-1536x1152.jpg 1536w, https:\/\/tierheim-nied.de\/wp-content\/uploads\/2021\/06\/Bauwagen_Original-2048x1536.jpg 2048w\" sizes=\"auto, (max-width: 1024px) 100vw, 1024px\" \/><\/a><\/figure><div class=\"wp-block-media-text__content\">\n<p>Im Bauwagen k\u00f6nnen zwei Katzen getrennt untergebracht werden.<br>Bei Bedarf wird auch f\u00fcr totale Freig\u00e4nger unten rechts die Katzenklappe ge\u00f6ffnet.<\/p>\n<\/div><\/div>\n\n\n\n<div class=\"wp-block-columns is-layout-flex wp-container-core-columns-is-layout-9d6595d7 wp-block-columns-is-layout-flex\">\n<div class=\"wp-block-column is-layout-flow wp-block-column-is-layout-flow\"><\/div>\n<\/div>\n\n\n\n<div class=\"wp-block-media-text alignwide has-media-on-the-right is-stacked-on-mobile\" style=\"grid-template-columns:auto 29%\"><figure class=\"wp-block-media-text__media\"><a href=\"https:\/\/tierheim-nied.de\/wp-content\/uploads\/2021\/06\/Kleintierhuette_aussen_Original-scaled.jpg\" rel=\"lightbox-5\"><img loading=\"lazy\" decoding=\"async\" width=\"1024\" height=\"768\" src=\"https:\/\/tierheim-nied.de\/wp-content\/uploads\/2021\/06\/Kleintierhuette_aussen_Original-1024x768.jpg\" alt=\"\" class=\"wp-image-2117 size-full\" srcset=\"https:\/\/tierheim-nied.de\/wp-content\/uploads\/2021\/06\/Kleintierhuette_aussen_Original-1024x768.jpg 1024w, https:\/\/tierheim-nied.de\/wp-content\/uploads\/2021\/06\/Kleintierhuette_aussen_Original-350x263.jpg 350w, https:\/\/tierheim-nied.de\/wp-content\/uploads\/2021\/06\/Kleintierhuette_aussen_Original-768x576.jpg 768w, https:\/\/tierheim-nied.de\/wp-content\/uploads\/2021\/06\/Kleintierhuette_aussen_Original-1536x1152.jpg 1536w, https:\/\/tierheim-nied.de\/wp-content\/uploads\/2021\/06\/Kleintierhuette_aussen_Original-2048x1536.jpg 2048w\" sizes=\"auto, (max-width: 1024px) 100vw, 1024px\" \/><\/a><\/figure><div class=\"wp-block-media-text__content\">\n<p>Den Weg weiter geradeaus befindet sich die Kleintierh\u00fctte.<br>Hier finden Kaninchen, Meerschweinchen und andere Nager ihr vor\u00fcbergehendes Zuhause.<br>Mittlerweile ist das Dach undicht geworden und ist eine der n\u00e4chsten &#8222;Baustellen&#8220;.<br>Links den Weg entlang befindet sich unsere Seniorenresidenz &#8222;Casa Senila&#8220; :).<br>Auch wieder ein umgebauter Wohnwagen inklusive gesichertem Au\u00dfengehege.<\/p>\n<\/div><\/div>\n\n\n\n<div class=\"wp-block-media-text alignwide is-stacked-on-mobile\" style=\"grid-template-columns:30% auto\"><figure class=\"wp-block-media-text__media\"><a href=\"https:\/\/tierheim-nied.de\/wp-content\/uploads\/2021\/06\/Buero_Schreibtisch_Original-scaled.jpg\" rel=\"lightbox-6\"><img loading=\"lazy\" decoding=\"async\" width=\"1024\" height=\"768\" src=\"https:\/\/tierheim-nied.de\/wp-content\/uploads\/2021\/06\/Buero_Schreibtisch_Original-1024x768.jpg\" alt=\"\" class=\"wp-image-2127 size-full\" srcset=\"https:\/\/tierheim-nied.de\/wp-content\/uploads\/2021\/06\/Buero_Schreibtisch_Original-1024x768.jpg 1024w, https:\/\/tierheim-nied.de\/wp-content\/uploads\/2021\/06\/Buero_Schreibtisch_Original-350x263.jpg 350w, https:\/\/tierheim-nied.de\/wp-content\/uploads\/2021\/06\/Buero_Schreibtisch_Original-768x576.jpg 768w, https:\/\/tierheim-nied.de\/wp-content\/uploads\/2021\/06\/Buero_Schreibtisch_Original-1536x1152.jpg 1536w, https:\/\/tierheim-nied.de\/wp-content\/uploads\/2021\/06\/Buero_Schreibtisch_Original-2048x1536.jpg 2048w\" sizes=\"auto, (max-width: 1024px) 100vw, 1024px\" \/><\/a><\/figure><div class=\"wp-block-media-text__content\">\n<p>Rechts der Kleintierh\u00fctte ist unser B\u00fcro.<br>Neben den ganzen Arbeiten im Tierheim findet hier nat\u00fcrlich der ganze Schreibkram statt, bimmelt \u00f6fters das Telefon und Helfer gehen ein und aus.<\/p>\n<\/div><\/div>\n\n\n\n<p><\/p>\n\n\n\n<div class=\"wp-block-media-text alignwide is-stacked-on-mobile\" style=\"grid-template-columns:30% auto\"><figure class=\"wp-block-media-text__media\"><a href=\"https:\/\/tierheim-nied.de\/wp-content\/uploads\/2021\/06\/Buero_Tisch_Original-scaled.jpg\" rel=\"lightbox-7\"><img loading=\"lazy\" decoding=\"async\" width=\"1024\" height=\"768\" src=\"https:\/\/tierheim-nied.de\/wp-content\/uploads\/2021\/06\/Buero_Tisch_Original-1024x768.jpg\" alt=\"\" class=\"wp-image-2133 size-full\" srcset=\"https:\/\/tierheim-nied.de\/wp-content\/uploads\/2021\/06\/Buero_Tisch_Original-1024x768.jpg 1024w, https:\/\/tierheim-nied.de\/wp-content\/uploads\/2021\/06\/Buero_Tisch_Original-350x263.jpg 350w, https:\/\/tierheim-nied.de\/wp-content\/uploads\/2021\/06\/Buero_Tisch_Original-768x576.jpg 768w, https:\/\/tierheim-nied.de\/wp-content\/uploads\/2021\/06\/Buero_Tisch_Original-1536x1152.jpg 1536w, https:\/\/tierheim-nied.de\/wp-content\/uploads\/2021\/06\/Buero_Tisch_Original-2048x1536.jpg 2048w\" sizes=\"auto, (max-width: 1024px) 100vw, 1024px\" \/><\/a><\/figure><div class=\"wp-block-media-text__content\">\n<p>So aufger\u00e4umt ist es nicht immer.<br>Kann aber sehr schnell gehen, wenn jemand kommt und ein Bild machen will ;).<br>Angeschlossen am B\u00fcro ist noch mal eine zweite Quarant\u00e4ne.<br>Die Villa Berta und auch der Quarant\u00e4ne-Raum sind leider tabu f\u00fcr Besucher.<br>Das Risiko ist viel zu gro\u00df, dass Besucher unbewusst was mit einschleppen.<\/p>\n<\/div><\/div>\n\n\n\n<p><\/p>\n\n\n\n<div class=\"wp-block-media-text alignwide has-media-on-the-right is-stacked-on-mobile\" style=\"grid-template-columns:auto 28%\"><figure class=\"wp-block-media-text__media\"><a href=\"https:\/\/tierheim-nied.de\/wp-content\/uploads\/2021\/06\/Flur_Original-scaled.jpg\" rel=\"lightbox-8\"><img loading=\"lazy\" decoding=\"async\" width=\"768\" height=\"1024\" src=\"https:\/\/tierheim-nied.de\/wp-content\/uploads\/2021\/06\/Flur_Original-768x1024.jpg\" alt=\"\" class=\"wp-image-2139 size-full\" srcset=\"https:\/\/tierheim-nied.de\/wp-content\/uploads\/2021\/06\/Flur_Original-768x1024.jpg 768w, https:\/\/tierheim-nied.de\/wp-content\/uploads\/2021\/06\/Flur_Original-263x350.jpg 263w, https:\/\/tierheim-nied.de\/wp-content\/uploads\/2021\/06\/Flur_Original-1152x1536.jpg 1152w, https:\/\/tierheim-nied.de\/wp-content\/uploads\/2021\/06\/Flur_Original-1536x2048.jpg 1536w, https:\/\/tierheim-nied.de\/wp-content\/uploads\/2021\/06\/Flur_Original-scaled.jpg 1920w\" sizes=\"auto, (max-width: 768px) 100vw, 768px\" \/><\/a><\/figure><div class=\"wp-block-media-text__content\">\n<p>Durch den Flur geht es zur K\u00fcche, den Katzenr\u00e4umen 1 und 2 und deren Innenr\u00e4umen 1 und 2.<\/p>\n<\/div><\/div>\n\n\n\n<p><\/p>\n\n\n\n<p>Raum 1, innen und au\u00dfen.<br>(Nein nein, das Tierheim ist nicht leer. An dem Tag war es nur sehr hei\u00df und alle bis auf eine Katze hatten sich verkrochen :-).)<\/p>\n\n\n\n<div class=\"wp-block-columns are-vertically-aligned-center is-layout-flex wp-container-core-columns-is-layout-9d6595d7 wp-block-columns-is-layout-flex\">\n<div class=\"wp-block-column is-vertically-aligned-center is-layout-flow wp-block-column-is-layout-flow\"><div class=\"wp-block-image\">\n<figure class=\"aligncenter size-large is-resized\"><a href=\"https:\/\/tierheim-nied.de\/wp-content\/uploads\/2021\/06\/Raum_1_innen_Original-scaled.jpg\" rel=\"lightbox-9\"><img loading=\"lazy\" decoding=\"async\" src=\"https:\/\/tierheim-nied.de\/wp-content\/uploads\/2021\/06\/Raum_1_innen_Original-1024x768.jpg\" alt=\"\" class=\"wp-image-2143\" width=\"261\" height=\"196\" srcset=\"https:\/\/tierheim-nied.de\/wp-content\/uploads\/2021\/06\/Raum_1_innen_Original-1024x768.jpg 1024w, https:\/\/tierheim-nied.de\/wp-content\/uploads\/2021\/06\/Raum_1_innen_Original-350x263.jpg 350w, https:\/\/tierheim-nied.de\/wp-content\/uploads\/2021\/06\/Raum_1_innen_Original-768x576.jpg 768w, https:\/\/tierheim-nied.de\/wp-content\/uploads\/2021\/06\/Raum_1_innen_Original-1536x1152.jpg 1536w, https:\/\/tierheim-nied.de\/wp-content\/uploads\/2021\/06\/Raum_1_innen_Original-2048x1536.jpg 2048w\" sizes=\"auto, (max-width: 261px) 100vw, 261px\" \/><\/a><\/figure>\n<\/div><\/div>\n\n\n\n<div class=\"wp-block-column is-vertically-aligned-center is-layout-flow wp-block-column-is-layout-flow\"><div class=\"wp-block-image\">\n<figure class=\"aligncenter size-large is-resized\"><a href=\"https:\/\/tierheim-nied.de\/wp-content\/uploads\/2021\/06\/Raum_1_aussen_Original-scaled.jpg\" rel=\"lightbox-10\"><img loading=\"lazy\" decoding=\"async\" src=\"https:\/\/tierheim-nied.de\/wp-content\/uploads\/2021\/06\/Raum_1_aussen_Original-1024x768.jpg\" alt=\"\" class=\"wp-image-2144\" width=\"257\" height=\"193\" srcset=\"https:\/\/tierheim-nied.de\/wp-content\/uploads\/2021\/06\/Raum_1_aussen_Original-1024x768.jpg 1024w, https:\/\/tierheim-nied.de\/wp-content\/uploads\/2021\/06\/Raum_1_aussen_Original-350x263.jpg 350w, https:\/\/tierheim-nied.de\/wp-content\/uploads\/2021\/06\/Raum_1_aussen_Original-768x576.jpg 768w, https:\/\/tierheim-nied.de\/wp-content\/uploads\/2021\/06\/Raum_1_aussen_Original-1536x1152.jpg 1536w, https:\/\/tierheim-nied.de\/wp-content\/uploads\/2021\/06\/Raum_1_aussen_Original-2048x1536.jpg 2048w\" sizes=\"auto, (max-width: 257px) 100vw, 257px\" \/><\/a><\/figure>\n<\/div><\/div>\n<\/div>\n\n\n\n<p>Raum 2, innen und au\u00dfen.<\/p>\n\n\n\n<div class=\"wp-block-columns are-vertically-aligned-center is-layout-flex wp-container-core-columns-is-layout-9d6595d7 wp-block-columns-is-layout-flex\">\n<div class=\"wp-block-column is-vertically-aligned-center is-layout-flow wp-block-column-is-layout-flow\"><div class=\"wp-block-image\">\n<figure class=\"aligncenter size-large is-resized\"><a href=\"https:\/\/tierheim-nied.de\/wp-content\/uploads\/2021\/06\/Raum_2_innen_Original-scaled.jpg\" rel=\"lightbox-11\"><img loading=\"lazy\" decoding=\"async\" src=\"https:\/\/tierheim-nied.de\/wp-content\/uploads\/2021\/06\/Raum_2_innen_Original-1024x768.jpg\" alt=\"\" class=\"wp-image-2145\" width=\"271\" height=\"203\" srcset=\"https:\/\/tierheim-nied.de\/wp-content\/uploads\/2021\/06\/Raum_2_innen_Original-1024x768.jpg 1024w, https:\/\/tierheim-nied.de\/wp-content\/uploads\/2021\/06\/Raum_2_innen_Original-350x263.jpg 350w, https:\/\/tierheim-nied.de\/wp-content\/uploads\/2021\/06\/Raum_2_innen_Original-768x576.jpg 768w, https:\/\/tierheim-nied.de\/wp-content\/uploads\/2021\/06\/Raum_2_innen_Original-1536x1152.jpg 1536w, https:\/\/tierheim-nied.de\/wp-content\/uploads\/2021\/06\/Raum_2_innen_Original-2048x1536.jpg 2048w\" sizes=\"auto, (max-width: 271px) 100vw, 271px\" \/><\/a><\/figure>\n<\/div><\/div>\n\n\n\n<div class=\"wp-block-column is-vertically-aligned-center is-layout-flow wp-block-column-is-layout-flow\"><div class=\"wp-block-image\">\n<figure class=\"aligncenter size-large is-resized\"><a href=\"https:\/\/tierheim-nied.de\/wp-content\/uploads\/2021\/06\/Raum_2_aussen_Original-scaled.jpg\" rel=\"lightbox-12\"><img loading=\"lazy\" decoding=\"async\" src=\"https:\/\/tierheim-nied.de\/wp-content\/uploads\/2021\/06\/Raum_2_aussen_Original-1024x768.jpg\" alt=\"\" class=\"wp-image-2146\" width=\"263\" height=\"197\" srcset=\"https:\/\/tierheim-nied.de\/wp-content\/uploads\/2021\/06\/Raum_2_aussen_Original-1024x768.jpg 1024w, https:\/\/tierheim-nied.de\/wp-content\/uploads\/2021\/06\/Raum_2_aussen_Original-350x263.jpg 350w, https:\/\/tierheim-nied.de\/wp-content\/uploads\/2021\/06\/Raum_2_aussen_Original-768x576.jpg 768w, https:\/\/tierheim-nied.de\/wp-content\/uploads\/2021\/06\/Raum_2_aussen_Original-1536x1152.jpg 1536w, https:\/\/tierheim-nied.de\/wp-content\/uploads\/2021\/06\/Raum_2_aussen_Original-2048x1536.jpg 2048w\" sizes=\"auto, (max-width: 263px) 100vw, 263px\" \/><\/a><\/figure>\n<\/div><\/div>\n<\/div>\n\n\n\n<p><\/p>\n\n\n\n<div class=\"wp-block-media-text alignwide has-media-on-the-right is-stacked-on-mobile\" style=\"grid-template-columns:auto 28%\"><figure class=\"wp-block-media-text__media\"><a href=\"https:\/\/tierheim-nied.de\/wp-content\/uploads\/2021\/06\/Werkzeughuette_Original-scaled.jpg\" rel=\"lightbox-13\"><img loading=\"lazy\" decoding=\"async\" width=\"1024\" height=\"768\" src=\"https:\/\/tierheim-nied.de\/wp-content\/uploads\/2021\/06\/Werkzeughuette_Original-1024x768.jpg\" alt=\"\" class=\"wp-image-2155 size-full\" srcset=\"https:\/\/tierheim-nied.de\/wp-content\/uploads\/2021\/06\/Werkzeughuette_Original-1024x768.jpg 1024w, https:\/\/tierheim-nied.de\/wp-content\/uploads\/2021\/06\/Werkzeughuette_Original-350x263.jpg 350w, https:\/\/tierheim-nied.de\/wp-content\/uploads\/2021\/06\/Werkzeughuette_Original-768x576.jpg 768w, https:\/\/tierheim-nied.de\/wp-content\/uploads\/2021\/06\/Werkzeughuette_Original-1536x1152.jpg 1536w, https:\/\/tierheim-nied.de\/wp-content\/uploads\/2021\/06\/Werkzeughuette_Original-2048x1536.jpg 2048w\" sizes=\"auto, (max-width: 1024px) 100vw, 1024px\" \/><\/a><\/figure><div class=\"wp-block-media-text__content\">\n<p>Rechts am B\u00fcro und den Katzengehegen entlang kommt man an der Werkstatth\u00fctte vorbei und trifft dann auf den ehemaligen Hundezwinger.<br><\/p>\n<\/div><\/div>\n\n\n\n<p><\/p>\n\n\n\n<div class=\"wp-block-media-text alignwide has-media-on-the-right is-stacked-on-mobile\" style=\"grid-template-columns:auto 28%\"><figure class=\"wp-block-media-text__media\"><a href=\"https:\/\/tierheim-nied.de\/wp-content\/uploads\/2021\/06\/Hundezwinger_Original-scaled.jpg\" rel=\"lightbox-14\"><img loading=\"lazy\" decoding=\"async\" width=\"1024\" height=\"768\" src=\"https:\/\/tierheim-nied.de\/wp-content\/uploads\/2021\/06\/Hundezwinger_Original-1024x768.jpg\" alt=\"\" class=\"wp-image-2153 size-full\" srcset=\"https:\/\/tierheim-nied.de\/wp-content\/uploads\/2021\/06\/Hundezwinger_Original-1024x768.jpg 1024w, https:\/\/tierheim-nied.de\/wp-content\/uploads\/2021\/06\/Hundezwinger_Original-350x263.jpg 350w, https:\/\/tierheim-nied.de\/wp-content\/uploads\/2021\/06\/Hundezwinger_Original-768x576.jpg 768w, https:\/\/tierheim-nied.de\/wp-content\/uploads\/2021\/06\/Hundezwinger_Original-1536x1152.jpg 1536w, https:\/\/tierheim-nied.de\/wp-content\/uploads\/2021\/06\/Hundezwinger_Original-2048x1536.jpg 2048w\" sizes=\"auto, (max-width: 1024px) 100vw, 1024px\" \/><\/a><\/figure><div class=\"wp-block-media-text__content\">\n<p>Dieser sah mal ganz anders aus und wurde von flei\u00dfigen H\u00e4nden in ehrenamtlicher Arbeit umgebaut und lackiert.<br>Angeschlossen durch eine Katzenklappe an den Hundezwinger ist das Stra\u00dfenkatzengehege.<br>Auch hier k\u00f6nnen Katzen untergebracht werden, die andere nicht unbedingt m\u00f6gen.<\/p>\n<\/div><\/div>\n\n\n\n<p><\/p>\n\n\n\n<div class=\"wp-block-media-text alignwide is-stacked-on-mobile\" style=\"grid-template-columns:30% auto\"><figure class=\"wp-block-media-text__media\"><a href=\"https:\/\/tierheim-nied.de\/wp-content\/uploads\/2021\/06\/Hasencity_Original-scaled.jpg\" rel=\"lightbox-15\"><img loading=\"lazy\" decoding=\"async\" width=\"1024\" height=\"768\" src=\"https:\/\/tierheim-nied.de\/wp-content\/uploads\/2021\/06\/Hasencity_Original-1024x768.jpg\" alt=\"\" class=\"wp-image-2154 size-full\" srcset=\"https:\/\/tierheim-nied.de\/wp-content\/uploads\/2021\/06\/Hasencity_Original-1024x768.jpg 1024w, https:\/\/tierheim-nied.de\/wp-content\/uploads\/2021\/06\/Hasencity_Original-350x263.jpg 350w, https:\/\/tierheim-nied.de\/wp-content\/uploads\/2021\/06\/Hasencity_Original-768x576.jpg 768w, https:\/\/tierheim-nied.de\/wp-content\/uploads\/2021\/06\/Hasencity_Original-1536x1152.jpg 1536w, https:\/\/tierheim-nied.de\/wp-content\/uploads\/2021\/06\/Hasencity_Original-2048x1536.jpg 2048w\" sizes=\"auto, (max-width: 1024px) 100vw, 1024px\" \/><\/a><\/figure><div class=\"wp-block-media-text__content\">\n<p>HasenCity, links des ehemaligen Hundezwingers.<br>Momentan unsere dringendste Baustelle und leider nur halbfertig mangels fachm\u00e4nnischer H\u00e4nde.<\/p>\n<\/div><\/div>\n\n\n\n<p><\/p>\n\n\n\n<div class=\"wp-block-media-text alignwide is-stacked-on-mobile\" style=\"grid-template-columns:30% auto\"><figure class=\"wp-block-media-text__media\"><a href=\"https:\/\/tierheim-nied.de\/wp-content\/uploads\/2021\/06\/Teich_Original-scaled.jpg\" rel=\"lightbox-16\"><img loading=\"lazy\" decoding=\"async\" width=\"1024\" height=\"768\" src=\"https:\/\/tierheim-nied.de\/wp-content\/uploads\/2021\/06\/Teich_Original-1024x768.jpg\" alt=\"\" class=\"wp-image-2166 size-full\" srcset=\"https:\/\/tierheim-nied.de\/wp-content\/uploads\/2021\/06\/Teich_Original-1024x768.jpg 1024w, https:\/\/tierheim-nied.de\/wp-content\/uploads\/2021\/06\/Teich_Original-350x263.jpg 350w, https:\/\/tierheim-nied.de\/wp-content\/uploads\/2021\/06\/Teich_Original-768x576.jpg 768w, https:\/\/tierheim-nied.de\/wp-content\/uploads\/2021\/06\/Teich_Original-1536x1152.jpg 1536w, https:\/\/tierheim-nied.de\/wp-content\/uploads\/2021\/06\/Teich_Original-2048x1536.jpg 2048w\" sizes=\"auto, (max-width: 1024px) 100vw, 1024px\" \/><\/a><\/figure><div class=\"wp-block-media-text__content\">\n<p>Und links von Hasencity befindet sich unser Teich.<br>So gut wie alles, was hier &#8222;kreucht und fleucht&#8220;, ist freiwillig hier.<br>Auch die Fr\u00f6sche, die einem hin und wieder ganz sch\u00f6n auf den Wecker gehen k\u00f6nnen ;).<\/p>\n<\/div><\/div>\n\n\n\n<p><strong><span style=\"text-decoration: underline;\"><a href=\"#zur\u00fcck\">Zur\u00fcck nach oben<\/a><\/span><\/strong><\/p>\n","protected":false},"excerpt":{"rendered":"<p>Ein kurzer Rundgang durch unser Tierheim und gesondert :Das Altersheim Den Rundgang der alten Homepage finden Sie hier :Rundgang alte Homepage Gleich links hinter dem&hellip;<\/p>\n","protected":false},"author":4,"featured_media":0,"parent":985,"menu_order":0,"comment_status":"closed","ping_status":"closed","template":"","meta":{"cybocfi_hide_featured_image":"","footnotes":""},"class_list":["post-2073","page","type-page","status-publish","hentry"],"_links":{"self":[{"href":"https:\/\/tierheim-nied.de\/index.php\/wp-json\/wp\/v2\/pages\/2073","targetHints":{"allow":["GET"]}}],"collection":[{"href":"https:\/\/tierheim-nied.de\/index.php\/wp-json\/wp\/v2\/pages"}],"about":[{"href":"https:\/\/tierheim-nied.de\/index.php\/wp-json\/wp\/v2\/types\/page"}],"author":[{"embeddable":true,"href":"https:\/\/tierheim-nied.de\/index.php\/wp-json\/wp\/v2\/users\/4"}],"replies":[{"embeddable":true,"href":"https:\/\/tierheim-nied.de\/index.php\/wp-json\/wp\/v2\/comments?post=2073"}],"version-history":[{"count":54,"href":"https:\/\/tierheim-nied.de\/index.php\/wp-json\/wp\/v2\/pages\/2073\/revisions"}],"predecessor-version":[{"id":6232,"href":"https:\/\/tierheim-nied.de\/index.php\/wp-json\/wp\/v2\/pages\/2073\/revisions\/6232"}],"up":[{"embeddable":true,"href":"https:\/\/tierheim-nied.de\/index.php\/wp-json\/wp\/v2\/pages\/985"}],"wp:attachment":[{"href":"https:\/\/tierheim-nied.de\/index.php\/wp-json\/wp\/v2\/media?parent=2073"}],"curies":[{"name":"wp","href":"https:\/\/api.w.org\/{rel}","templated":true}]}}