{"id":1271,"date":"2021-05-07T17:12:11","date_gmt":"2021-05-07T15:12:11","guid":{"rendered":"https:\/\/tierheim-nied.de\/tierheimneu\/index.php\/faq-2\/"},"modified":"2022-06-21T21:00:00","modified_gmt":"2022-06-21T19:00:00","slug":"faq-2","status":"publish","type":"page","link":"https:\/\/tierheim-nied.de\/index.php\/test\/faq-2\/","title":{"rendered":"FAQ"},"content":{"rendered":"\n<figure class=\"wp-block-table is-style-stripes\"><table><tbody><tr><td><div id=\"faq-1276\" class=\"arconix-faq-wrap\"><div id=\"faq-WasmacheichmiteinemgefundenenoderverletztenTierimRaumFrankfurt\" class=\"arconix-faq-title faq-closed\">Was mache ich mit einem gefundenen oder verletzten Tier im Raum Frankfurt ?<\/div><div class=\"arconix-faq-content faq-closed\">Entweder die n\u00e4chste Polizeidienststelle , Tierklinik oder besser die Tierrettung UNA 24h Notruf (bundesweit) <span class=\"BxUVEf ILfuVd\" lang=\"de\"><span class=\"d9FyLd\"><b>0180 55 952 952<\/b><\/span><\/span> kontaktieren.<\/div><\/div><\/td><\/tr><tr><td><div id=\"faq-1278\" class=\"arconix-faq-wrap\"><div id=\"faq-WaskostetbeiIhneneinTier\" class=\"arconix-faq-title faq-closed\">Was kostet bei Ihnen ein Tier ?<\/div><div class=\"arconix-faq-content faq-closed\"><p>Viele Menschen denken leider immer noch: &#8222;Die m\u00fcssen doch froh sein, dass sie ihre Tiere los bekommen!&#8220; So ist es aber bei uns nicht. Wir wollen die Tiere nicht einfach &#8222;los werden&#8220;, wir m\u00f6chten f\u00fcr jedes einzelne die m\u00f6glichst beste Haltebedingung erreichen. Sie haben diffizile Charaktere und oft schon viel mitgemacht. Wir sind immer bem\u00fcht, unsere Tiere in ein sch\u00f6nes neues Zuhause zu geben. Um entstandene Kosten teilweise zu decken, erheben wir bei der Vermittlung eine angemessene Schutzgeb\u00fchr, da unsere Tiere zum gro\u00dfen Teil von uns geimpft, kastriert, gechipt und tier\u00e4rztlich untersucht werden.<\/p>\n<p>Kosten Tiere: Katze 180\u20ac; Kaninchen 50\u20ac und Meerschweinchen 40\u20ac; V\u00f6gel variiert je nach Art des Tieres (Wellensittich etc.).<\/p>\n<\/div><\/div><\/td><\/tr><tr><td><div id=\"faq-1285\" class=\"arconix-faq-wrap\"><div id=\"faq-bernimmtdieStadtnichtdieUnterbringungskostenfrdieTiereimTierheim\" class=\"arconix-faq-title faq-closed\">\u00dcbernimmt die Stadt nicht die Unterbringungskosten f\u00fcr die Tiere im Tierheim ?<\/div><div class=\"arconix-faq-content faq-closed\"><p>Ein klares Nein! Die Zusch\u00fcsse von der Stadt\u00a0 Schwalbach decken gerade einmal ein Zehntel unserer Tierarztkosten. Futterkosten und Unterhaltskosten f\u00fcr das Tierheim m\u00fcssen wir vollst\u00e4ndig selbst tragen. F\u00fcr herrenlose Tiere ist in der st\u00e4dtischen Haushaltskasse leider wenig \u00fcbrig!<\/p>\n<\/div><\/div><\/td><\/tr><tr><td><div id=\"faq-1287\" class=\"arconix-faq-wrap\"><div id=\"faq-HabenSiekleineKtzchen\" class=\"arconix-faq-title faq-closed\">Haben Sie kleine K\u00e4tzchen ?<\/div><div class=\"arconix-faq-content faq-closed\"><p>Ja, meistens haben wir Katzen unter 5 Monaten im Tierheim, aber nicht jeder Interessent kann auch eine bekommen. Um den Kleinen zu einem m\u00f6glichst sch\u00f6nen und langen Leben zu verhelfen, geben wir sie fr\u00fchestens mit 12 Wochen ab (nachdem die Tier\u00e4rztin ihr Einverst\u00e4ndnis gegeben hat) und die neuen Besitzer m\u00fcssen einen Schutzvertrag unterschreiben, in dem die Kastration und die gesundheitliche Versorgung (Impfung!) der Tiere vorgeschrieben wird. Weil jedes Jahr sehr viele Einzelkatzen bei uns abgegeben werden, die aggressiv, unsauber, zu wild und verhaltensgest\u00f6rt sind, geben wir die Kitten nur zu zweit oder zu einer bereits vorhandenen Katze ab. Das Erlernen eines Sozialverhaltens ist gerade in jungem Alter sehr wichtig und oft nicht mehr nachzuholen. Und verhaltensgest\u00f6rte Tiere will dann keiner mehr haben, oft fristen sie bei uns jahrelang ein trauriges Dasein. Also g\u00f6nnen Sie ihrer Katze auch einen Spielgef\u00e4hrten, denn Sie haben ja auch zu anderen Menschen Kontakt (besonders Kinder!) Die Samtpfoten danken es Ihnen.<\/p>\n<\/div><\/div><\/td><\/tr><tr><td><div id=\"faq-1289\" class=\"arconix-faq-wrap\"><div id=\"faq-NehmenSieauchTiereinPension\" class=\"arconix-faq-title faq-closed\">Nehmen Sie auch Tiere in Pension ?<\/div><div class=\"arconix-faq-content faq-closed\"><p>Pensionstiere nehmen wir nur, wenn es die M\u00f6glichkeiten im Tierheim erlauben. Wir haben mittlerweile so viele Anfragen, dass unsere Kapazit\u00e4ten (besonders in der Urlaubszeit) meistens sehr ausgesch\u00f6pft sind. Es ist ja auch so, dass wir gerade zur Urlaubszeit auch vermehrt Fund- und Abgabetiere aufnehmen m\u00fcssen, und die gehen in einem Tierheim nat\u00fcrlich vor. Wir machen allerdings in Notf\u00e4llen auch mal eine Ausnahme (z.B. wenn einmal jemand ins Krankenhaus muss) und verf\u00fcgen au\u00dferdem \u00fcber mehrere gute Kontaktadressen, bei denen man Tiere in Pension geben kann. Rufen Sie fr\u00fchzeitig an und fragen Sie nach.<br \/>\nPensionsgeb\u00fchren \/ Tag<br \/>\n1 Katze \t10,00 \tEuro<br \/>\n2 Katzen \t15,00 \tEuro<br \/>\n1 Nager\/Kleintier \t5,00 \tEuro<br \/>\n2 Nager\/Kleintier \t7,50 \tEuro<\/p>\n<p>Alle Preise verstehen sich inklusive MwSt, Futter, ggfs. Einstreu und nat\u00fcrlich Streicheleinheiten.<\/p>\n<\/div><\/div><\/td><\/tr><tr><td><\/td><\/tr><tr><td><div id=\"faq-1293\" class=\"arconix-faq-wrap\"><div id=\"faq-HabenSieauchHunde\" class=\"arconix-faq-title faq-closed\">Haben Sie auch Hunde ?<\/div><div class=\"arconix-faq-content faq-closed\"><p>Eigentlich nein! Aber was ist schon ein &#8222;Nein&#8220; im Tierschutz&#8230; In jedem Jahr haben wir erfolgreich Hunde vermittelt, junge und alte, kleine und gr\u00f6\u00dfere. F\u00fcr die warme Jahreszeit haben wir auf dem Gel\u00e4nde einen Not-Zwinger und au\u00dferdem haben wir 3 Pflegestellen, in denen ein lieber Hund schon mal ein paar Wochen untergebracht werden kann. Daher helfen wir in Ausnahme- bzw. Notf\u00e4llen schon gerne mal dem Frankfurter Tierheim mit der Aufnahme eines bellenden Vierbeiners aus (vorausgesetzt, er ist kein Katzen-Killer). <\/p>\n<\/div><\/div><\/td><\/tr><tr><td><div id=\"faq-1295\" class=\"arconix-faq-wrap\"><div id=\"faq-WiekannicheinenBeitragfrdenTierschutzleisten\" class=\"arconix-faq-title faq-closed\">Wie kann ich einen Beitrag f\u00fcr den Tierschutz leisten ?<\/div><div class=\"arconix-faq-content faq-closed\"><p>Da gibt es viele M\u00f6glichkeiten, die ich hier leider nicht alle aufz\u00e4hlen kann. Nur so viel: Halten Sie die Augen offen und schreiten Sie ein, wenn Sie ein Tier leiden sehen. Lassen Sie ihre Katzen und Nagetiere kastrieren und sprechen Sie die Leute an, die fr\u00f6hlich st\u00e4ndig neuen Nachwuchs produzieren oder auch aus Nachl\u00e4ssigkeit ihre Katzen unkastriert herum laufen lassen. In Frankfurt leiden bis zu 15000 verwilderte Hauskatzen auf der Stra\u00dfe. Sie werden j\u00e4hrlich zu Dutzenden \u00fcberfahren, vergiftet, gequ\u00e4lt, gejagt, sie verhungern oder erfrieren elendig. Ein unhaltbarer Zustand, der f\u00fcr uns unertr\u00e4glich ist. S\u00e4tze wie &#8222;och die sind doch s\u00fc\u00df&#8220; oder &#8222;sie soll nur einmal Junge haben&#8220; machen uns teilweise richtig agressiv. Aber wer so viel Elend auf der Stra\u00dfe sieht, kann das nachvollziehen. Deswegen ist es unser gr\u00f6\u00dftes und wichtigstes Anliegen, den permanenten Nachwuchs einzud\u00e4mmen. Es gibt doch wirklich schon genug Tiere in allen Tierheimen.<\/p>\n<p>Aber auch ehrenamtliche Helfer, die wirklich anpacken k\u00f6nnen, sind bei uns immer gefragt. Um das ganze Tierheim \u00fcberhaupt am Leben zu halten, sind wir nat\u00fcrlich unbedingt weiterhein auf Ihre Mitgliedsbeitr\u00e4ge und Spenden angewiesen. Vielen Dank im Voraus.<\/p>\n<\/div><\/div><\/td><\/tr><\/tbody><\/table><\/figure>\n","protected":false},"excerpt":{"rendered":"","protected":false},"author":4,"featured_media":0,"parent":860,"menu_order":0,"comment_status":"closed","ping_status":"closed","template":"","meta":{"cybocfi_hide_featured_image":"","footnotes":""},"class_list":["post-1271","page","type-page","status-publish","hentry"],"_links":{"self":[{"href":"https:\/\/tierheim-nied.de\/index.php\/wp-json\/wp\/v2\/pages\/1271","targetHints":{"allow":["GET"]}}],"collection":[{"href":"https:\/\/tierheim-nied.de\/index.php\/wp-json\/wp\/v2\/pages"}],"about":[{"href":"https:\/\/tierheim-nied.de\/index.php\/wp-json\/wp\/v2\/types\/page"}],"author":[{"embeddable":true,"href":"https:\/\/tierheim-nied.de\/index.php\/wp-json\/wp\/v2\/users\/4"}],"replies":[{"embeddable":true,"href":"https:\/\/tierheim-nied.de\/index.php\/wp-json\/wp\/v2\/comments?post=1271"}],"version-history":[{"count":10,"href":"https:\/\/tierheim-nied.de\/index.php\/wp-json\/wp\/v2\/pages\/1271\/revisions"}],"predecessor-version":[{"id":3966,"href":"https:\/\/tierheim-nied.de\/index.php\/wp-json\/wp\/v2\/pages\/1271\/revisions\/3966"}],"up":[{"embeddable":true,"href":"https:\/\/tierheim-nied.de\/index.php\/wp-json\/wp\/v2\/pages\/860"}],"wp:attachment":[{"href":"https:\/\/tierheim-nied.de\/index.php\/wp-json\/wp\/v2\/media?parent=1271"}],"curies":[{"name":"wp","href":"https:\/\/api.w.org\/{rel}","templated":true}]}}