{"id":1050,"date":"2021-04-25T20:34:52","date_gmt":"2021-04-25T18:34:52","guid":{"rendered":"https:\/\/tierheim-nied.de\/tierheimneu\/?page_id=1050"},"modified":"2023-03-03T17:24:50","modified_gmt":"2023-03-03T16:24:50","slug":"unsere-tiere","status":"publish","type":"page","link":"https:\/\/tierheim-nied.de\/index.php\/unsere-tiere\/","title":{"rendered":"Unsere Tiere"},"content":{"rendered":"\n<p id=\"zurueck\"><strong>Wir freuen uns, Ihnen hier unsere Sch\u00fctzlinge vorstellen zu k\u00f6nnen.<\/strong><br><br>Sie \u00fcberlegen Ihr Leben mit einer Samtpfote, einem Langohr oder einem geselligen Meerschweinchen zu bereichern ?<br>Neugierig auf unsere Notf\u00e4lle oder sonstigen Tiere ?<br>Na dann viel Spa\u00df beim Anschauen weiter unten !<br><strong><br><\/strong>Aus Gr\u00fcnden des Tierschutzes sind praktisch alle unsere Tiere kastriert, geimpft, gechipt und\/oder t\u00e4towiert. Um einen Teil der daf\u00fcr anfallenden Kosten zu decken, berechnen wir pro Tier eine angemessene Vermittlungsgeb\u00fchr.<br>Kosten Tiere: Katze 180\u20ac, Kaninchen 50\u20ac und Meerschweinchen 40\u20ac, V\u00f6gel variiert je nach Art des Tieres (Wellensittich etc.).<br><\/p>\n\n\n\n<div class=\"wp-block-columns is-layout-flex wp-container-core-columns-is-layout-9d6595d7 wp-block-columns-is-layout-flex\">\n<div class=\"wp-block-column is-vertically-aligned-top is-layout-flow wp-block-column-is-layout-flow\"><div class=\"wp-block-image\">\n<figure class=\"aligncenter size-full\"><a href=\"https:\/\/tierheim-nied.de\/index.php\/unsere-tiere\/notfaelle\/\"><img loading=\"lazy\" decoding=\"async\" width=\"100\" height=\"100\" src=\"https:\/\/tierheim-nied.de\/wp-content\/uploads\/2022\/11\/icon_notfaelle_neu.jpg\" alt=\"\" class=\"wp-image-7319\" srcset=\"https:\/\/tierheim-nied.de\/wp-content\/uploads\/2022\/11\/icon_notfaelle_neu.jpg 100w, https:\/\/tierheim-nied.de\/wp-content\/uploads\/2022\/11\/icon_notfaelle_neu-90x90.jpg 90w\" sizes=\"auto, (max-width: 100px) 100vw, 100px\" \/><\/a><figcaption class=\"wp-element-caption\"><strong><a href=\"https:\/\/tierheim-nied.de\/index.php\/unsere-tiere\/hasen\/\" data-type=\"page\" data-id=\"894\">Notf\u00e4lle<\/a><\/strong><\/figcaption><\/figure>\n<\/div><\/div>\n\n\n\n<div class=\"wp-block-column is-vertically-aligned-top is-layout-flow wp-block-column-is-layout-flow\"><div class=\"wp-block-image\">\n<figure class=\"aligncenter size-full\"><a href=\"https:\/\/tierheim-nied.de\/index.php\/unsere-tiere\/katzen\/\"><img loading=\"lazy\" decoding=\"async\" width=\"100\" height=\"100\" src=\"https:\/\/tierheim-nied.de\/wp-content\/uploads\/2022\/11\/icon_katzen_neu.jpg\" alt=\"\" class=\"wp-image-7317\" srcset=\"https:\/\/tierheim-nied.de\/wp-content\/uploads\/2022\/11\/icon_katzen_neu.jpg 100w, https:\/\/tierheim-nied.de\/wp-content\/uploads\/2022\/11\/icon_katzen_neu-90x90.jpg 90w\" sizes=\"auto, (max-width: 100px) 100vw, 100px\" \/><\/a><figcaption class=\"wp-element-caption\"><strong><a href=\"https:\/\/tierheim-nied.de\/index.php\/unsere-tiere\/katzen\/\" data-type=\"page\" data-id=\"892\">Katzen<\/a><\/strong><\/figcaption><\/figure>\n<\/div><\/div>\n\n\n\n<div class=\"wp-block-column is-vertically-aligned-top is-layout-flow wp-block-column-is-layout-flow\"><div class=\"wp-block-image\">\n<figure class=\"aligncenter size-full\"><a href=\"https:\/\/tierheim-nied.de\/index.php\/unsere-tiere\/kaninchen-2\/\"><img loading=\"lazy\" decoding=\"async\" width=\"100\" height=\"100\" src=\"https:\/\/tierheim-nied.de\/wp-content\/uploads\/2022\/11\/icon_kaninchen_neu.jpg\" alt=\"\" class=\"wp-image-7316\" srcset=\"https:\/\/tierheim-nied.de\/wp-content\/uploads\/2022\/11\/icon_kaninchen_neu.jpg 100w, https:\/\/tierheim-nied.de\/wp-content\/uploads\/2022\/11\/icon_kaninchen_neu-90x90.jpg 90w\" sizes=\"auto, (max-width: 100px) 100vw, 100px\" \/><\/a><figcaption class=\"wp-element-caption\"><strong><a href=\"https:\/\/tierheim-nied.de\/index.php\/unsere-tiere\/kaninchen-2\/\" data-type=\"page\" data-id=\"1091\">Kaninchen<\/a><\/strong><\/figcaption><\/figure>\n<\/div><\/div>\n\n\n\n<div class=\"wp-block-column is-vertically-aligned-top is-layout-flow wp-block-column-is-layout-flow\"><div class=\"wp-block-image\">\n<figure class=\"aligncenter size-full\"><a href=\"https:\/\/tierheim-nied.de\/index.php\/unsere-tiere\/meerschweinchen\/\"><img loading=\"lazy\" decoding=\"async\" width=\"100\" height=\"100\" src=\"https:\/\/tierheim-nied.de\/wp-content\/uploads\/2022\/11\/icon_meerschweinchen_neu.jpg\" alt=\"\" class=\"wp-image-7318\" srcset=\"https:\/\/tierheim-nied.de\/wp-content\/uploads\/2022\/11\/icon_meerschweinchen_neu.jpg 100w, https:\/\/tierheim-nied.de\/wp-content\/uploads\/2022\/11\/icon_meerschweinchen_neu-90x90.jpg 90w\" sizes=\"auto, (max-width: 100px) 100vw, 100px\" \/><\/a><figcaption class=\"wp-element-caption\"><strong><a href=\"https:\/\/tierheim-nied.de\/index.php\/unsere-tiere\/meerschweinchen\/\" data-type=\"page\" data-id=\"890\">Meerschweinchen<\/a><\/strong><\/figcaption><\/figure>\n<\/div>\n\n\n<p><\/p>\n<\/div>\n\n\n\n<div class=\"wp-block-column is-vertically-aligned-top is-layout-flow wp-block-column-is-layout-flow\"><div class=\"wp-block-image\">\n<figure class=\"aligncenter size-full\"><a href=\"https:\/\/tierheim-nied.de\/index.php\/unsere-tiere\/sonstige\/\"><img loading=\"lazy\" decoding=\"async\" width=\"100\" height=\"100\" src=\"https:\/\/tierheim-nied.de\/wp-content\/uploads\/2022\/11\/icon_sonstige_neu.jpg\" alt=\"\" class=\"wp-image-7320\" srcset=\"https:\/\/tierheim-nied.de\/wp-content\/uploads\/2022\/11\/icon_sonstige_neu.jpg 100w, https:\/\/tierheim-nied.de\/wp-content\/uploads\/2022\/11\/icon_sonstige_neu-90x90.jpg 90w\" sizes=\"auto, (max-width: 100px) 100vw, 100px\" \/><\/a><figcaption class=\"wp-element-caption\"><strong><a href=\"https:\/\/tierheim-nied.de\/index.php\/unsere-tiere\/sonstige\/\" data-type=\"page\">Sonstige<\/a><\/strong><\/figcaption><\/figure>\n<\/div>\n\n\n<p><\/p>\n<\/div>\n<\/div>\n\n\n\n<p><\/p>\n","protected":false},"excerpt":{"rendered":"<p>Wir freuen uns, Ihnen hier unsere Sch\u00fctzlinge vorstellen zu k\u00f6nnen. Sie \u00fcberlegen Ihr Leben mit einer Samtpfote, einem Langohr oder einem geselligen Meerschweinchen zu bereichern&hellip;<\/p>\n","protected":false},"author":4,"featured_media":0,"parent":0,"menu_order":0,"comment_status":"closed","ping_status":"closed","template":"","meta":{"cybocfi_hide_featured_image":"","footnotes":""},"class_list":["post-1050","page","type-page","status-publish","hentry"],"_links":{"self":[{"href":"https:\/\/tierheim-nied.de\/index.php\/wp-json\/wp\/v2\/pages\/1050","targetHints":{"allow":["GET"]}}],"collection":[{"href":"https:\/\/tierheim-nied.de\/index.php\/wp-json\/wp\/v2\/pages"}],"about":[{"href":"https:\/\/tierheim-nied.de\/index.php\/wp-json\/wp\/v2\/types\/page"}],"author":[{"embeddable":true,"href":"https:\/\/tierheim-nied.de\/index.php\/wp-json\/wp\/v2\/users\/4"}],"replies":[{"embeddable":true,"href":"https:\/\/tierheim-nied.de\/index.php\/wp-json\/wp\/v2\/comments?post=1050"}],"version-history":[{"count":106,"href":"https:\/\/tierheim-nied.de\/index.php\/wp-json\/wp\/v2\/pages\/1050\/revisions"}],"predecessor-version":[{"id":7595,"href":"https:\/\/tierheim-nied.de\/index.php\/wp-json\/wp\/v2\/pages\/1050\/revisions\/7595"}],"wp:attachment":[{"href":"https:\/\/tierheim-nied.de\/index.php\/wp-json\/wp\/v2\/media?parent=1050"}],"curies":[{"name":"wp","href":"https:\/\/api.w.org\/{rel}","templated":true}]}}